{"id":23,"date":"2024-06-06T05:38:13","date_gmt":"2024-06-06T05:38:13","guid":{"rendered":"https:\/\/sv78.art\/?page_id=23"},"modified":"2025-04-22T10:28:17","modified_gmt":"2025-04-22T10:28:17","slug":"4da-ga-phat-lai","status":"publish","type":"page","link":"https:\/\/sv78.art\/","title":{"rendered":"\u0110\u00c1 G\u00c0 TR\u1ef0C TI\u1ebeP"},"content":{"rendered":"\t\t<div data-elementor-type=\"wp-page\" data-elementor-id=\"23\" class=\"elementor elementor-23\" data-elementor-post-type=\"page\">\n\t\t\t\t<div class=\"elementor-element elementor-element-47659d2 e-flex e-con-boxed e-con e-parent\" data-id=\"47659d2\" data-element_type=\"container\">\n\t\t\t\t\t<div class=\"e-con-inner\">\n\t\t\t\t<div class=\"elementor-element elementor-element-d91ff10 elementor-widget elementor-widget-text-editor\" data-id=\"d91ff10\" data-element_type=\"widget\" data-widget_type=\"text-editor.default\">\n\t\t\t\t<div class=\"elementor-widget-container\">\n\t\t\t\t\t\t\t\t\t<h1 style=\"text-align: center;\"><b><span style=\"color: #ff0000;\">TR\u1ef0C TI\u1ebeP \u0110\u00c1 G\u00c0<\/span>&nbsp;<\/b><b>\u2013 THOMO H\u00d4M NAY B\u1ed2 C1 C2 C3 C4<\/b><\/h1>\n<p>H\u00f4m nay, sv78.net s\u1ebd cung c\u1ea5p cho anh em tr\u1ef1c ti\u1ebfp \u0111\u00e1 g\u00e0 thomo v\u1edbi nh\u1eefng tr\u1eadn \u0111\u1ea5u \u0111\u1ec9nh cao. Ch\u00fang t\u00f4i \u0111\u1ea3m b\u1ea3o r\u1eb1ng c\u00e1c tr\u1eadn \u0111\u1ea5u \u0111\u00e1 g\u00e0 thomo Campuchia s\u1ebd mang \u0111\u1ebfn cho b\u1ea1n nh\u1eefng tr\u1eadn \u0111\u1ea5u hay nh\u1ea5t, h\u1ea5p d\u1eabn nh\u1ea5t v\u00e0 h\u1ea5p d\u1eabn nh\u1ea5t.<\/p>\n<h2><b>2024 <\/b><b>\u0110\u00e1 G\u00e0 Tr\u1ef1c Ti\u1ebfp Thomo<\/b><\/h2>\n<p>B\u1ea1n c\u00f3 th\u1ec3 xem \u0111\u00e1 g\u00e0 tr\u1ef1c ti\u1ebfp thomo 2024 tr\u00ean web <a href=\"https:\/\/sv78.art\">sv78.net<\/a> Ph\u1ee5c v\u1ee5 anh em th\u00edch xem gi\u1ea3i tr\u00ed, v\u00e0 m\u1eb7c d\u00f9 hi\u1ec7n nay c\u00f3 qu\u00e1 nhi\u1ec1u web ph\u00e1t video tr\u1ef1c ti\u1ebfp v\u1ec1 \u0111\u00e1 g\u00e0, nh\u01b0ng anh em \u0111\u00e3 xem nh\u1eefng video \u0111\u1ed9 ph\u00e2n gi\u1ea3i cao, full HD kh\u00f4ng h\u1ec1 gi\u1eadt x\u00f3c. \u0110\u1eb7c bi\u1ec7t, anh \u1ea5y \u0111\u00e3 chia s\u1ebb c\u00e1c m\u1eb9o v\u00e0 kinh nghi\u1ec7m c\u1ee7a m\u00ecnh khi xem \u0111\u00e1 g\u00e0 \u0111\u1ec3 c\u00f3 \u0111\u01b0\u1ee3c chi\u1ebfn th\u1eafng mang ti\u1ec1n v\u1ec1<\/p>\n<p>\u0110\u00e1 g\u00e0 tr\u1ef1c ti\u1ebfp h\u00f4m nay, gi\u1ed1ng nh\u01b0 \u0111\u00e1 g\u00e0 CPC, \u0111\u01b0\u1ee3c ph\u00e1t tr\u1ef1c ti\u1ebfp tr\u00ean trang sv78 t\u1eeb th\u1ee9 hai \u0111\u1ebfn ch\u1ee7 nh\u1eadt m\u1ed7i tu\u1ea7n t\u1eeb 9 gi\u1edd s\u00e1ng. Anh em h\u00e3y truy c\u1eadp trang web sv78.net \u0111\u1ec3 xem \u0110\u00e1 g\u00e0 b\u00ecnh lu\u1eadn tr\u1ef1c ti\u1ebfp.<\/p>\n<h2><b>\u0110\u00e1 G\u00e0 Tr\u1ef1c Tuy\u1ebfn<\/b><\/h2>\n<p>B\u1ea1n c\u00f3 th\u1ec3 xem \u0111\u00e1 g\u00e0 tr\u1ef1c ti\u1ebfp thomo 2024 tr\u00ean web sv78.net Ph\u1ee5c v\u1ee5 anh em th\u00edch xem gi\u1ea3i tr\u00ed, v\u00e0 m\u1eb7c d\u00f9 hi\u1ec7n nay c\u00f3 qu\u00e1 nhi\u1ec1u web ph\u00e1t video tr\u1ef1c ti\u1ebfp v\u1ec1 \u0111\u00e1 g\u00e0, nh\u01b0ng anh em \u0111\u00e3 xem nh\u1eefng video \u0111\u1ed9 ph\u00e2n gi\u1ea3i cao, full HD kh\u00f4ng h\u1ec1 gi\u1eadt x\u00f3c. \u0110\u1eb7c bi\u1ec7t, anh \u1ea5y \u0111\u00e3 chia s\u1ebb c\u00e1c m\u1eb9o v\u00e0 kinh nghi\u1ec7m c\u1ee7a m\u00ecnh khi xem \u0111\u00e1 g\u00e0 \u0111\u1ec3 c\u00f3 \u0111\u01b0\u1ee3c chi\u1ebfn th\u1eafng mang ti\u1ec1n v\u1ec1<\/p>\n<p>\u0110\u00e1 g\u00e0 tr\u1ef1c ti\u1ebfp h\u00f4m nay, gi\u1ed1ng nh\u01b0 \u0111\u00e1 g\u00e0 CPC, \u0111\u01b0\u1ee3c ph\u00e1t tr\u1ef1c ti\u1ebfp tr\u00ean trang sv78 t\u1eeb th\u1ee9 hai \u0111\u1ebfn ch\u1ee7 nh\u1eadt m\u1ed7i tu\u1ea7n t\u1eeb 9 gi\u1edd s\u00e1ng. Anh em h\u00e3y truy c\u1eadp trang web sv78.net \u0111\u1ec3 xem \u0110\u00e1 g\u00e0 b\u00ecnh lu\u1eadn tr\u1ef1c ti\u1ebfp.<br>\u0110\u00e1 g\u00e0 tr\u1ef1c tuy\u1ebfn thu h\u00fat s\u1ef1 ch\u00fa \u00fd c\u1ee7a nhi\u1ec1u anh em \u0111\u00e1 g\u00e0 thomo v\u00ec nh\u1eefng tr\u1eadn \u0111\u1ea5u n\u00e0y r\u1ea5t h\u1ea5p d\u1eabn. V\u00ec v\u1eady, t\u00f4i mu\u1ed1n bi\u1ebft n\u01a1i t\u00f4i c\u00f3 th\u1ec3 xem c\u00e1c tr\u1eadn \u0111\u1ea5u &#8220;\u0111\u00e1 g\u00e0 tr\u1ef1c tuy\u1ebfn&#8221;. Thomo v\u1edbi n\u1ed9i dung g\u1ea7n \u0111\u00e2y nh\u1ea5t c\u1ee7a c\u00e1c tr\u1eadn \u0111\u1ea5u \u0111\u01b0\u1ee3c ph\u00e1t l\u1ea1i v\u00e0 tr\u1ef1c ti\u1ebfp tr\u1ef1c tuy\u1ebfn t\u1ea1i sv78.net, b\u1ea1n c\u00f3 th\u1ec3 xem n\u1ed9i dung b\u00ean d\u01b0\u1edbi nh\u00e9.<\/p>\n<p>Ch\u00fang t\u00f4i nh\u1eadn \u0111\u01b0\u1ee3c \u0111\u00e1 g\u00e0 thomo tr\u1ef1c ti\u1ebfp t\u1eeb c\u00e1c s\u1edbi \u0111\u00e1 g\u00e0 m\u1edbi nh\u1ea5t hi\u1ec7n \u0111ang ho\u1ea1t \u0111\u1ed9ng. Trang sv78 n\u00e0y c\u1ee7a t\u00f4i \u0111\u01b0\u1ee3c thi\u1ebft k\u1ebf \u0111\u1ec3 ph\u00e1t \u0111\u00e1 g\u00e0 tr\u1ef1c ti\u1ebfp cho m\u1ecdi h\u1ec7 \u0111i\u1ec1u h\u00e0nh, v\u00ec v\u1eady b\u1ea1n c\u00f3 th\u1ec3 xem v\u00e0 c\u1ed5 v\u0169 \u0111\u00e1 g\u00e0 tr\u1ef1c ti\u1ebfp tr\u00ean trang c\u1ee7a m\u00ecnh. Hi\u1ec7n t\u1ea1i, SV78 \u0111ang ph\u00e1t b\u1ed9 m\u00f4n \u0111\u00e1 g\u00e0 tr\u1ef1c ti\u1ebfp, mang \u0111\u1ebfn cho anh em nh\u1eefng gi\u00e2y ph\u00fat th\u01b0 gi\u00e3n nh\u1ea5t.<\/p>\n<p>M\u1ed7i tr\u1eadn \u0111\u1ea5u k\u00e9o d\u00e0i 5\u201310 ph\u00fat, ch\u1eafc ch\u1eafn s\u1ebd c\u00f3 nh\u1eefng tr\u1eadn \u0111\u1ea5u m\u00e3n nh\u00e3n nh\u1ea5t tr\u00ean m\u00e0n h\u00ecnh. \u0110\u00e1 g\u00e0 s\u1ebd \u0111\u01b0\u1ee3c truy\u1ec1n h\u00ecnh tr\u1ef1c ti\u1ebfp tr\u00ean internet v\u00e0o l\u00fac 9h s\u00e1ng v\u00e0o t\u1ed1i th\u1ee9 7 m\u1ed7i tu\u1ea7n t\u1ea1i trang SV78. Ph\u00e1t s\u00f3ng tr\u1ef1c ti\u1ebfp s\u1ebd di\u1ec5n ra l\u00fac 12h tr\u01b0a m\u1ed7i ng\u00e0y.<\/p>\n<p style=\"text-align: center;\"><img fetchpriority=\"high\" decoding=\"async\" src=\"https:\/\/sv78.art\/wp-content\/uploads\/2024\/06\/6-6-300x171.webp\" alt=\"\" width=\"300\" height=\"171\">\u0111\u00e1 g\u00e0 t\u1ea1i sv78<\/p>\n<h2><strong>V\u1ebb \u0110\u1eb9p C\u1ee7a Truy\u1ec1n Th\u1ed1ng<\/strong><\/h2>\n<p>B\u1ea1n c\u00f3 th\u1ec3 xem \u0111\u00e1 g\u00e0 tr\u1ef1c ti\u1ebfp thomo 2024 tr\u00ean web sv78.net Ph\u1ee5c v\u1ee5 anh em th\u00edch xem gi\u1ea3i tr\u00ed, v\u00e0 m\u1eb7c d\u00f9 hi\u1ec7n nay c\u00f3 qu\u00e1 nhi\u1ec1u web ph\u00e1t video tr\u1ef1c ti\u1ebfp v\u1ec1 \u0111\u00e1 g\u00e0, nh\u01b0ng anh em \u0111\u00e3 xem nh\u1eefng video \u0111\u1ed9 ph\u00e2n gi\u1ea3i cao, full HD kh\u00f4ng h\u1ec1 gi\u1eadt x\u00f3c. \u0110\u1eb7c bi\u1ec7t, anh \u1ea5y \u0111\u00e3 chia s\u1ebb c\u00e1c m\u1eb9o v\u00e0 kinh nghi\u1ec7m c\u1ee7a m\u00ecnh khi xem \u0111\u00e1 g\u00e0 \u0111\u1ec3 c\u00f3 \u0111\u01b0\u1ee3c chi\u1ebfn th\u1eafng mang ti\u1ec1n v\u1ec1\u0110\u00e1 g\u00e0 tr\u1ef1c ti\u1ebfp h\u00f4m nay, gi\u1ed1ng nh\u01b0 \u0111\u00e1 g\u00e0 CPC, \u0111\u01b0\u1ee3c ph\u00e1t tr\u1ef1c ti\u1ebfp tr\u00ean trang sv78 t\u1eeb th\u1ee9 hai \u0111\u1ebfn ch\u1ee7 nh\u1eadt m\u1ed7i tu\u1ea7n t\u1eeb 9 gi\u1edd s\u00e1ng. Anh em h\u00e3y truy c\u1eadp trang web sv78.net \u0111\u1ec3 xem \u0110\u00e1 g\u00e0 b\u00ecnh lu\u1eadn tr\u1ef1c ti\u1ebfp.<br>V\u1ebb \u0111\u1eb9p c\u1ee7a phong c\u00e1ch truy\u1ec1n th\u1ed1ng<\/p>\n<p>\u0110\u00e1 g\u00e0 Thomo thu h\u00fat b\u1edfi s\u1ef1 h\u1ea5p d\u1eabn c\u1ee7a c\u00e1c tr\u1eadn \u0111\u1ea5u v\u00e0 v\u1ebb \u0111\u1eb9p truy\u1ec1n th\u1ed1ng.Chi\u1ebfn k\u00ea g\u00e0 n\u00f2i, m\u1ea1nh m\u1ebd v\u00e0 hung d\u1eef, l\u00e0 ni\u1ec1m t\u1ef1 h\u00e0o c\u1ee7a ch\u1ee7 nh\u00e2n.<\/p>\n<h2>S\u1ef1 ki\u1ec7n \u0110\u00e1 G\u00e0 Thomo: M\u1ed9t Ng\u00e0y \u1ede Tr\u01b0\u1eddng G\u00e0<\/h2>\n<p>H\u00e0ng ch\u1ee5c tr\u1eadn \u0111\u1ea5u li\u00ean ti\u1ebfp di\u1ec5n ra h\u00e0ng ng\u00e0y t\u1ea1i tr\u01b0\u1eddng g\u00e0 Thomo, thu h\u00fat h\u00e0ng ng\u00e0n ng\u01b0\u1eddi xem tr\u1ef1c ti\u1ebfp v\u00e0 qua m\u1ea1ng.S\u1ef1 ki\u1ec7n kh\u00f4ng ch\u1ec9 l\u00e0 m\u1ed9t cu\u1ed9c thi m\u00e0 c\u00f2n l\u00e0 m\u1ed9t l\u1ec5 h\u1ed9i n\u01a1i nh\u1eefng ng\u01b0\u1eddi \u0111am m\u00ea c\u00f9ng nhau c\u00f3 th\u1ec3 g\u1eb7p g\u1ee1.<\/p>\n<h2>\u0110\u00e1 G\u00e0 Thomo: M\u1ed1i quan h\u1ec7 \u0111am m\u00ea<\/h2>\n<p>Vi\u1ec7c k\u1ebft n\u1ed1i \u0111am m\u00ea \u0111\u00e1 g\u00e0 Thomo v\u1edbi c\u1ed9ng \u0111\u1ed3ng m\u1ea1ng tr\u1edf n\u00ean quan tr\u1ecdng h\u01a1n bao gi\u1edd h\u1ebft trong th\u1eddi \u0111\u1ea1i s\u1ed1. \u0110\u1ec3 th\u1ef1c hi\u1ec7n \u0111i\u1ec1u n\u00e0y,<\/p>\n<h2>K\u1ebft qu\u1ea3<\/h2>\n<p>\u0110\u00e1 g\u00e0 Thomo l\u00e0 m\u1ed9t ph\u1ea7n quan tr\u1ecdng trong v\u0103n h\u00f3a v\u00e0 t\u00e2m tr\u00ed c\u1ee7a ng\u01b0\u1eddi Campuchia. S\u1ef1 ph\u00e1t tri\u1ec3n c\u1ee7a c\u00f4ng ngh\u1ec7 \u0111\u00e3 khi\u1ebfn vi\u1ec7c chia s\u1ebb \u0111am m\u00ea n\u00e0y qua m\u1ea1ng tr\u1edf n\u00ean d\u1ec5 d\u00e0ng h\u01a1n v\u00e0 thu\u1eadn ti\u1ec7n h\u01a1n.Ni\u1ec1m \u0111am m\u00ea \u0111\u1ed1i v\u1edbi \u0111\u00e1 g\u00e0 Thomo \u0111\u00e3 lan r\u1ed9ng tr\u00ean to\u00e0n c\u1ea7u, m\u1edf ra c\u01a1 h\u1ed9i m\u1edbi cho s\u1ef1 ph\u00e1t tri\u1ec3n v\u00e0 t\u1ecfa s\u00e1ng c\u1ee7a truy\u1ec1n th\u1ed1ng \u0111\u00e1 g\u00e0 Thomo.<\/p>\t\t\t\t\t\t\t\t<\/div>\n\t\t\t\t<\/div>\n\t\t\t\t\t<\/div>\n\t\t\t\t<\/div>\n\t\t<div class=\"elementor-element elementor-element-5c46652 e-grid e-con-boxed e-con e-parent\" data-id=\"5c46652\" data-element_type=\"container\">\n\t\t\t\t\t<div class=\"e-con-inner\">\n\t\t\t\t\t<\/div>\n\t\t\t\t<\/div>\n\t\t\t\t<\/div>\n\t\t","protected":false},"excerpt":{"rendered":"<p>TR\u1ef0C TI\u1ebeP \u0110\u00c1 G\u00c0&nbsp;\u2013 THOMO H\u00d4M NAY B\u1ed2 C1 C2 C3 C4 H\u00f4m nay, sv78.net s\u1ebd cung c\u1ea5p cho anh em tr\u1ef1c ti\u1ebfp \u0111\u00e1 g\u00e0 thomo v\u1edbi nh\u1eefng tr\u1eadn \u0111\u1ea5u \u0111\u1ec9nh cao. Ch\u00fang t\u00f4i \u0111\u1ea3m b\u1ea3o r\u1eb1ng c\u00e1c tr\u1eadn \u0111\u1ea5u \u0111\u00e1 g\u00e0 thomo Campuchia s\u1ebd mang \u0111\u1ebfn cho b\u1ea1n nh\u1eefng tr\u1eadn \u0111\u1ea5u hay nh\u1ea5t, h\u1ea5p [&#8230;]\n","protected":false},"author":1,"featured_media":0,"parent":0,"menu_order":0,"comment_status":"closed","ping_status":"closed","template":"","meta":{"footnotes":""},"class_list":["post-23","page","type-page","status-publish","hentry"],"rankMath":{"parentDomain":"sv78.art","noFollowDomains":[],"noFollowExcludeDomains":[],"noFollowExternalLinks":false,"featuredImageNotice":"H\u00ecnh \u1ea3nh n\u1ed5i b\u1eadt n\u00ean c\u00f3 k\u00edch th\u01b0\u1edbc \u00edt nh\u1ea5t 200 x 200 pixel \u0111\u1ec3 \u0111\u01b0\u1ee3c Facebook v\u00e0 c\u00e1c trang m\u1ea1ng x\u00e3 h\u1ed9i kh\u00e1c ch\u1ecdn.","pluginReviewed":false,"postSettings":{"linkSuggestions":true,"useFocusKeyword":false},"frontEndScore":false,"postName":"4da-ga-phat-lai","permalinkFormat":"https:\/\/sv78.art\/","showLockModifiedDate":true,"assessor":{"focusKeywordLink":"https:\/\/sv78.art\/wp-admin\/edit.php?focus_keyword=%focus_keyword%&post_type=%post_type%","hasTOCPlugin":true,"primaryTaxonomy":false,"serpData":{"title":"","description":"","focusKeywords":"","pillarContent":false,"canonicalUrl":"","breadcrumbTitle":"","advancedRobots":[],"facebookTitle":"","facebookDescription":"","facebookImage":"","facebookImageID":"","facebookHasOverlay":false,"facebookImageOverlay":"","facebookAuthor":"","twitterCardType":"","twitterUseFacebook":true,"twitterTitle":"","twitterDescription":"","twitterImage":"","twitterImageID":"","twitterHasOverlay":false,"twitterImageOverlay":"","twitterPlayerUrl":"","twitterPlayerSize":"","twitterPlayerStream":"","twitterPlayerStreamCtype":"","twitterAppDescription":"","twitterAppIphoneName":"","twitterAppIphoneID":"","twitterAppIphoneUrl":"","twitterAppIpadName":"","twitterAppIpadID":"","twitterAppIpadUrl":"","twitterAppGoogleplayName":"","twitterAppGoogleplayID":"","twitterAppGoogleplayUrl":"","twitterAppCountry":"","robots":{"index":true},"twitterAuthor":"t\u00ean ng\u01b0\u1eddi d\u00f9ng","primaryTerm":0,"authorName":"PBV88","titleTemplate":"%title% %sep% %sitename%","descriptionTemplate":"%excerpt%","showScoreFrontend":true,"lockModifiedDate":false},"powerWords":[],"diacritics":{"A":"[\\u0041\\u24B6\\uFF21\\u00C0\\u00C1\\u00C2\\u1EA6\\u1EA4\\u1EAA\\u1EA8\\u00C3\\u0100\\u0102\\u1EB0\\u1EAE\\u1EB4\\u1EB2\\u0226\\u01E0\\u00C4\\u01DE\\u1EA2\\u00C5\\u01FA\\u01CD\\u0200\\u0202\\u1EA0\\u1EAC\\u1EB6\\u1E00\\u0104\\u023A\\u2C6F]","AA":"[\\uA732]","AE":"[\\u00C6\\u01FC\\u01E2]","AO":"[\\uA734]","AU":"[\\uA736]","AV":"[\\uA738\\uA73A]","AY":"[\\uA73C]","B":"[\\u0042\\u24B7\\uFF22\\u1E02\\u1E04\\u1E06\\u0243\\u0182\\u0181]","C":"[\\u0043\\u24B8\\uFF23\\u0106\\u0108\\u010A\\u010C\\u00C7\\u1E08\\u0187\\u023B\\uA73E]","D":"[\\u0044\\u24B9\\uFF24\\u1E0A\\u010E\\u1E0C\\u1E10\\u1E12\\u1E0E\\u0110\\u018B\\u018A\\u0189\\uA779]","DZ":"[\\u01F1\\u01C4]","Dz":"[\\u01F2\\u01C5]","E":"[\\u0045\\u24BA\\uFF25\\u00C8\\u00C9\\u00CA\\u1EC0\\u1EBE\\u1EC4\\u1EC2\\u1EBC\\u0112\\u1E14\\u1E16\\u0114\\u0116\\u00CB\\u1EBA\\u011A\\u0204\\u0206\\u1EB8\\u1EC6\\u0228\\u1E1C\\u0118\\u1E18\\u1E1A\\u0190\\u018E]","F":"[\\u0046\\u24BB\\uFF26\\u1E1E\\u0191\\uA77B]","G":"[\\u0047\\u24BC\\uFF27\\u01F4\\u011C\\u1E20\\u011E\\u0120\\u01E6\\u0122\\u01E4\\u0193\\uA7A0\\uA77D\\uA77E]","H":"[\\u0048\\u24BD\\uFF28\\u0124\\u1E22\\u1E26\\u021E\\u1E24\\u1E28\\u1E2A\\u0126\\u2C67\\u2C75\\uA78D]","I":"[\\u0049\\u24BE\\uFF29\\u00CC\\u00CD\\u00CE\\u0128\\u012A\\u012C\\u0130\\u00CF\\u1E2E\\u1EC8\\u01CF\\u0208\\u020A\\u1ECA\\u012E\\u1E2C\\u0197]","J":"[\\u004A\\u24BF\\uFF2A\\u0134\\u0248]","K":"[\\u004B\\u24C0\\uFF2B\\u1E30\\u01E8\\u1E32\\u0136\\u1E34\\u0198\\u2C69\\uA740\\uA742\\uA744\\uA7A2]","L":"[\\u004C\\u24C1\\uFF2C\\u013F\\u0139\\u013D\\u1E36\\u1E38\\u013B\\u1E3C\\u1E3A\\u0141\\u023D\\u2C62\\u2C60\\uA748\\uA746\\uA780]","LJ":"[\\u01C7]","Lj":"[\\u01C8]","M":"[\\u004D\\u24C2\\uFF2D\\u1E3E\\u1E40\\u1E42\\u2C6E\\u019C]","N":"[\\u004E\\u24C3\\uFF2E\\u01F8\\u0143\\u00D1\\u1E44\\u0147\\u1E46\\u0145\\u1E4A\\u1E48\\u0220\\u019D\\uA790\\uA7A4]","NJ":"[\\u01CA]","Nj":"[\\u01CB]","O":"[\\u004F\\u24C4\\uFF2F\\u00D2\\u00D3\\u00D4\\u1ED2\\u1ED0\\u1ED6\\u1ED4\\u00D5\\u1E4C\\u022C\\u1E4E\\u014C\\u1E50\\u1E52\\u014E\\u022E\\u0230\\u00D6\\u022A\\u1ECE\\u0150\\u01D1\\u020C\\u020E\\u01A0\\u1EDC\\u1EDA\\u1EE0\\u1EDE\\u1EE2\\u1ECC\\u1ED8\\u01EA\\u01EC\\u00D8\\u01FE\\u0186\\u019F\\uA74A\\uA74C]","OI":"[\\u01A2]","OO":"[\\uA74E]","OU":"[\\u0222]","P":"[\\u0050\\u24C5\\uFF30\\u1E54\\u1E56\\u01A4\\u2C63\\uA750\\uA752\\uA754]","Q":"[\\u0051\\u24C6\\uFF31\\uA756\\uA758\\u024A]","R":"[\\u0052\\u24C7\\uFF32\\u0154\\u1E58\\u0158\\u0210\\u0212\\u1E5A\\u1E5C\\u0156\\u1E5E\\u024C\\u2C64\\uA75A\\uA7A6\\uA782]","S":"[\\u0053\\u24C8\\uFF33\\u1E9E\\u015A\\u1E64\\u015C\\u1E60\\u0160\\u1E66\\u1E62\\u1E68\\u0218\\u015E\\u2C7E\\uA7A8\\uA784]","T":"[\\u0054\\u24C9\\uFF34\\u1E6A\\u0164\\u1E6C\\u021A\\u0162\\u1E70\\u1E6E\\u0166\\u01AC\\u01AE\\u023E\\uA786]","TZ":"[\\uA728]","U":"[\\u0055\\u24CA\\uFF35\\u00D9\\u00DA\\u00DB\\u0168\\u1E78\\u016A\\u1E7A\\u016C\\u00DC\\u01DB\\u01D7\\u01D5\\u01D9\\u1EE6\\u016E\\u0170\\u01D3\\u0214\\u0216\\u01AF\\u1EEA\\u1EE8\\u1EEE\\u1EEC\\u1EF0\\u1EE4\\u1E72\\u0172\\u1E76\\u1E74\\u0244]","V":"[\\u0056\\u24CB\\uFF36\\u1E7C\\u1E7E\\u01B2\\uA75E\\u0245]","VY":"[\\uA760]","W":"[\\u0057\\u24CC\\uFF37\\u1E80\\u1E82\\u0174\\u1E86\\u1E84\\u1E88\\u2C72]","X":"[\\u0058\\u24CD\\uFF38\\u1E8A\\u1E8C]","Y":"[\\u0059\\u24CE\\uFF39\\u1EF2\\u00DD\\u0176\\u1EF8\\u0232\\u1E8E\\u0178\\u1EF6\\u1EF4\\u01B3\\u024E\\u1EFE]","Z":"[\\u005A\\u24CF\\uFF3A\\u0179\\u1E90\\u017B\\u017D\\u1E92\\u1E94\\u01B5\\u0224\\u2C7F\\u2C6B\\uA762]","a":"[\\u0061\\u24D0\\uFF41\\u1E9A\\u00E0\\u00E1\\u00E2\\u1EA7\\u1EA5\\u1EAB\\u1EA9\\u00E3\\u0101\\u0103\\u1EB1\\u1EAF\\u1EB5\\u1EB3\\u0227\\u01E1\\u00E4\\u01DF\\u1EA3\\u00E5\\u01FB\\u01CE\\u0201\\u0203\\u1EA1\\u1EAD\\u1EB7\\u1E01\\u0105\\u2C65\\u0250]","aa":"[\\uA733]","ae":"[\\u00E6\\u01FD\\u01E3]","ao":"[\\uA735]","au":"[\\uA737]","av":"[\\uA739\\uA73B]","ay":"[\\uA73D]","b":"[\\u0062\\u24D1\\uFF42\\u1E03\\u1E05\\u1E07\\u0180\\u0183\\u0253]","c":"[\\u0063\\u24D2\\uFF43\\u0107\\u0109\\u010B\\u010D\\u00E7\\u1E09\\u0188\\u023C\\uA73F\\u2184]","d":"[\\u0064\\u24D3\\uFF44\\u1E0B\\u010F\\u1E0D\\u1E11\\u1E13\\u1E0F\\u0111\\u018C\\u0256\\u0257\\uA77A]","dz":"[\\u01F3\\u01C6]","e":"[\\u0065\\u24D4\\uFF45\\u00E8\\u00E9\\u00EA\\u1EC1\\u1EBF\\u1EC5\\u1EC3\\u1EBD\\u0113\\u1E15\\u1E17\\u0115\\u0117\\u00EB\\u1EBB\\u011B\\u0205\\u0207\\u1EB9\\u1EC7\\u0229\\u1E1D\\u0119\\u1E19\\u1E1B\\u0247\\u025B\\u01DD]","f":"[\\u0066\\u24D5\\uFF46\\u1E1F\\u0192\\uA77C]","g":"[\\u0067\\u24D6\\uFF47\\u01F5\\u011D\\u1E21\\u011F\\u0121\\u01E7\\u0123\\u01E5\\u0260\\uA7A1\\u1D79\\uA77F]","h":"[\\u0068\\u24D7\\uFF48\\u0125\\u1E23\\u1E27\\u021F\\u1E25\\u1E29\\u1E2B\\u1E96\\u0127\\u2C68\\u2C76\\u0265]","hv":"[\\u0195]","i":"[\\u0069\\u24D8\\uFF49\\u00EC\\u00ED\\u00EE\\u0129\\u012B\\u012D\\u00EF\\u1E2F\\u1EC9\\u01D0\\u0209\\u020B\\u1ECB\\u012F\\u1E2D\\u0268\\u0131]","j":"[\\u006A\\u24D9\\uFF4A\\u0135\\u01F0\\u0249]","k":"[\\u006B\\u24DA\\uFF4B\\u1E31\\u01E9\\u1E33\\u0137\\u1E35\\u0199\\u2C6A\\uA741\\uA743\\uA745\\uA7A3]","l":"[\\u006C\\u24DB\\uFF4C\\u0140\\u013A\\u013E\\u1E37\\u1E39\\u013C\\u1E3D\\u1E3B\\u017F\\u0142\\u019A\\u026B\\u2C61\\uA749\\uA781\\uA747]","lj":"[\\u01C9]","m":"[\\u006D\\u24DC\\uFF4D\\u1E3F\\u1E41\\u1E43\\u0271\\u026F]","n":"[\\u006E\\u24DD\\uFF4E\\u01F9\\u0144\\u00F1\\u1E45\\u0148\\u1E47\\u0146\\u1E4B\\u1E49\\u019E\\u0272\\u0149\\uA791\\uA7A5]","nj":"[\\u01CC]","o":"[\\u006F\\u24DE\\uFF4F\\u00F2\\u00F3\\u00F4\\u1ED3\\u1ED1\\u1ED7\\u1ED5\\u00F5\\u1E4D\\u022D\\u1E4F\\u014D\\u1E51\\u1E53\\u014F\\u022F\\u0231\\u00F6\\u022B\\u1ECF\\u0151\\u01D2\\u020D\\u020F\\u01A1\\u1EDD\\u1EDB\\u1EE1\\u1EDF\\u1EE3\\u1ECD\\u1ED9\\u01EB\\u01ED\\u00F8\\u01FF\\u0254\\uA74B\\uA74D\\u0275]","oi":"[\\u01A3]","ou":"[\\u0223]","oo":"[\\uA74F]","p":"[\\u0070\\u24DF\\uFF50\\u1E55\\u1E57\\u01A5\\u1D7D\\uA751\\uA753\\uA755]","q":"[\\u0071\\u24E0\\uFF51\\u024B\\uA757\\uA759]","r":"[\\u0072\\u24E1\\uFF52\\u0155\\u1E59\\u0159\\u0211\\u0213\\u1E5B\\u1E5D\\u0157\\u1E5F\\u024D\\u027D\\uA75B\\uA7A7\\uA783]","s":"[\\u0073\\u24E2\\uFF53\\u015B\\u1E65\\u015D\\u1E61\\u0161\\u1E67\\u1E63\\u1E69\\u0219\\u015F\\u023F\\uA7A9\\uA785\\u1E9B]","ss":"[\\u00DF]","t":"[\\u0074\\u24E3\\uFF54\\u1E6B\\u1E97\\u0165\\u1E6D\\u021B\\u0163\\u1E71\\u1E6F\\u0167\\u01AD\\u0288\\u2C66\\uA787]","tz":"[\\uA729]","u":"[\\u0075\\u24E4\\uFF55\\u00F9\\u00FA\\u00FB\\u0169\\u1E79\\u016B\\u1E7B\\u016D\\u00FC\\u01DC\\u01D8\\u01D6\\u01DA\\u1EE7\\u016F\\u0171\\u01D4\\u0215\\u0217\\u01B0\\u1EEB\\u1EE9\\u1EEF\\u1EED\\u1EF1\\u1EE5\\u1E73\\u0173\\u1E77\\u1E75\\u0289]","v":"[\\u0076\\u24E5\\uFF56\\u1E7D\\u1E7F\\u028B\\uA75F\\u028C]","vy":"[\\uA761]","w":"[\\u0077\\u24E6\\uFF57\\u1E81\\u1E83\\u0175\\u1E87\\u1E85\\u1E98\\u1E89\\u2C73]","x":"[\\u0078\\u24E7\\uFF58\\u1E8B\\u1E8D]","y":"[\\u0079\\u24E8\\uFF59\\u1EF3\\u00FD\\u0177\\u1EF9\\u0233\\u1E8F\\u00FF\\u1EF7\\u1E99\\u1EF5\\u01B4\\u024F\\u1EFF]","z":"[\\u007A\\u24E9\\uFF5A\\u017A\\u1E91\\u017C\\u017E\\u1E93\\u1E95\\u01B6\\u0225\\u0240\\u2C6C\\uA763]"},"researchesTests":["contentHasTOC","contentHasShortParagraphs","contentHasAssets","keywordInTitle","keywordInMetaDescription","keywordInPermalink","keywordIn10Percent","keywordInContent","keywordInSubheadings","keywordInImageAlt","keywordDensity","keywordNotUsed","lengthContent","lengthPermalink","linksHasInternal","linksHasExternals","linksNotAllExternals","titleStartWithKeyword","titleSentiment","titleHasPowerWords","titleHasNumber","hasContentAI"],"hasRedirection":false,"hasBreadcrumb":false},"homeUrl":"https:\/\/sv78.art","objectID":23,"objectType":"post","locale":"vi","localeFull":"vi","overlayImages":{"play":{"name":"Bi\u1ec3u t\u01b0\u1ee3ng ph\u00e1t","url":"https:\/\/sv78.art\/wp-content\/plugins\/seo-by-rank-math\/assets\/admin\/img\/icon-play.png","path":"\/www\/wwwroot\/sv78.art\/wp-content\/plugins\/seo-by-rank-math\/assets\/admin\/img\/icon-play.png","position":"middle_center"},"gif":{"name":"Bi\u1ec3u t\u01b0\u1ee3ng GIF","url":"https:\/\/sv78.art\/wp-content\/plugins\/seo-by-rank-math\/assets\/admin\/img\/icon-gif.png","path":"\/www\/wwwroot\/sv78.art\/wp-content\/plugins\/seo-by-rank-math\/assets\/admin\/img\/icon-gif.png","position":"middle_center"}},"defautOgImage":"https:\/\/sv78.art\/wp-content\/plugins\/seo-by-rank-math\/assets\/admin\/img\/social-placeholder.jpg","customPermalinks":false,"isUserRegistered":false,"autoSuggestKeywords":false,"connectSiteUrl":"https:\/\/rankmath.com\/auth?site=https%3A%2F%2Fsv78.art&r=https%3A%2F%2Fsv78.art%2Findex.php%3Frest_route%3D%252Fwp%252Fv2%252Fpages%252F23%26nonce%3D7fe59e6834","maxTags":5,"trendsIcon":"<svg viewBox=\"0 0 610 610\"><path d=\"M18.85,446,174.32,290.48l58.08,58.08L76.93,504a14.54,14.54,0,0,1-20.55,0L18.83,466.48a14.54,14.54,0,0,1,0-20.55Z\" style=\"fill:#4285f4\"\/><path d=\"M242.65,242.66,377.59,377.6l-47.75,47.75a14.54,14.54,0,0,1-20.55,0L174.37,290.43l47.75-47.75A14.52,14.52,0,0,1,242.65,242.66Z\" style=\"fill:#ea4335\"\/><polygon points=\"319.53 319.53 479.26 159.8 537.34 217.88 377.61 377.62 319.53 319.53\" style=\"fill:#fabb05\"\/><path d=\"M594.26,262.73V118.61h0a16.94,16.94,0,0,0-16.94-16.94H433.2a16.94,16.94,0,0,0-12,28.92L565.34,274.71h0a16.94,16.94,0,0,0,28.92-12Z\" style=\"fill:#34a853\"\/><rect width=\"610\" height=\"610\" style=\"fill:none\"\/><\/svg>","showScore":true,"siteFavIcon":"https:\/\/sv78.art\/wp-content\/uploads\/2024\/06\/250x150-150x150.png","canUser":{"general":false,"advanced":false,"snippet":false,"social":false,"analysis":false,"analytics":false,"content_ai":false},"showKeywordIntent":true,"isPro":false,"is_front_page":false,"trendsUpgradeLink":"https:\/\/rankmath.com\/pricing\/?utm_source=Plugin&utm_medium=CE%20General%20Tab%20Trends&utm_campaign=WP","trendsUpgradeLabel":"N\u00e2ng c\u1ea5p","trendsPreviewImage":"https:\/\/sv78.art\/wp-content\/plugins\/seo-by-rank-math\/assets\/admin\/img\/trends-preview.jpg","currentEditor":false,"homepageData":{"assessor":{"powerWords":[],"diacritics":true,"researchesTests":["contentHasTOC","contentHasShortParagraphs","contentHasAssets","keywordInTitle","keywordInMetaDescription","keywordInPermalink","keywordIn10Percent","keywordInContent","keywordInSubheadings","keywordInImageAlt","keywordDensity","keywordNotUsed","lengthContent","lengthPermalink","linksHasInternal","linksHasExternals","linksNotAllExternals","titleStartWithKeyword","titleSentiment","titleHasPowerWords","titleHasNumber","hasContentAI"],"hasBreadcrumb":false,"serpData":{"title":"%sitename% %page% %sep% %sitedesc%","description":"","titleTemplate":"%sitename% %page% %sep% %sitedesc%","descriptionTemplate":"","focusKeywords":"","breadcrumbTitle":"Home","robots":{"index":true},"advancedRobots":[],"facebookTitle":"","facebookDescription":"","facebookImage":"","facebookImageID":""}}},"tocTitle":"Table of Contents","tocExcludeHeadings":[],"listStyle":"ul"},"_links":{"self":[{"href":"https:\/\/sv78.art\/index.php?rest_route=\/wp\/v2\/pages\/23","targetHints":{"allow":["GET"]}}],"collection":[{"href":"https:\/\/sv78.art\/index.php?rest_route=\/wp\/v2\/pages"}],"about":[{"href":"https:\/\/sv78.art\/index.php?rest_route=\/wp\/v2\/types\/page"}],"author":[{"embeddable":true,"href":"https:\/\/sv78.art\/index.php?rest_route=\/wp\/v2\/users\/1"}],"replies":[{"embeddable":true,"href":"https:\/\/sv78.art\/index.php?rest_route=%2Fwp%2Fv2%2Fcomments&post=23"}],"version-history":[{"count":30,"href":"https:\/\/sv78.art\/index.php?rest_route=\/wp\/v2\/pages\/23\/revisions"}],"predecessor-version":[{"id":606,"href":"https:\/\/sv78.art\/index.php?rest_route=\/wp\/v2\/pages\/23\/revisions\/606"}],"wp:attachment":[{"href":"https:\/\/sv78.art\/index.php?rest_route=%2Fwp%2Fv2%2Fmedia&parent=23"}],"curies":[{"name":"wp","href":"https:\/\/api.w.org\/{rel}","templated":true}]}}